{"id":2156,"date":"2024-04-24T13:02:37","date_gmt":"2024-04-24T11:02:37","guid":{"rendered":"https:\/\/metanoia-it.de\/?page_id=2156"},"modified":"2024-04-24T13:02:37","modified_gmt":"2024-04-24T11:02:37","slug":"impressum","status":"publish","type":"page","link":"https:\/\/metanoia-it.de\/en\/impressum\/","title":{"rendered":"Impressum"},"content":{"rendered":"\t\t<div data-elementor-type=\"wp-page\" data-elementor-id=\"2156\" class=\"elementor elementor-2156\">\n\t\t\t\t<div class=\"elementor-element elementor-element-c83b10d e-flex e-con-boxed e-con e-parent\" data-id=\"c83b10d\" data-element_type=\"container\">\n\t\t\t\t\t<div class=\"e-con-inner\">\n\t\t\t\t\t<\/div>\n\t\t\t\t<\/div>\n\t\t<div class=\"elementor-element elementor-element-e3527ca e-flex e-con-boxed e-con e-parent\" data-id=\"e3527ca\" data-element_type=\"container\">\n\t\t\t\t\t<div class=\"e-con-inner\">\n\t\t\t\t<div class=\"elementor-element elementor-element-5b07db2 elementor-widget elementor-widget-text-editor\" data-id=\"5b07db2\" data-element_type=\"widget\" data-widget_type=\"text-editor.default\">\n\t\t\t\t<div class=\"elementor-widget-container\">\n\t\t\t\t\t\t\t\t\t<p><strong>Impressum<\/strong><\/p><p>Herausgeber<\/p><p>Metanoia IT Solutions GmbH<\/p><p>Vertreten durch: Moritz Cordes, Christian Simon Birzer \u2013 Gesch\u00e4ftsf\u00fchrung<\/p><p>Adresse:<br \/>Ackerring 15<br \/>27386 Bothel<br \/>Telefon: 01763034067<br \/>Email: <a href=\"mailto:info@metanoia-it.de\">info@metanoia-it.de<\/a><\/p><p>Handelsregister: Amtsgericht Walsrode<br \/>HRV-Nr: HRB 210917<\/p><p>Die Internetplattform zur Online-Beilegung von Streitigkeiten der EU (sog. OS-Plattform) ist unter dem folgendem Link erreichbar: http:\/\/ec.europa.eu\/consumers\/odr<\/p><p>Zur Teilnahme an einem Streitbeilegungsverfahren vor einer Verbraucherschlichtungsstelle sind wir nicht verpflichtet und nicht bereit.<\/p><p>Haftung f\u00fcr Inhalte:<\/p><p>Als Diensteanbieter sind wir gem\u00e4\u00df \u00a7 7 Abs.1 TMG f\u00fcr eigene Inhalte auf diesen Seiten nach den allgemeinen Gesetzen verantwortlich. Nach \u00a7\u00a7 8 bis 10 TMG sind wir als Diensteanbieter jedoch nicht verpflichtet, \u00fcbermittelte oder gespeicherte fremde Informationen zu \u00fcberwachen oder nach Umst\u00e4nden zu forschen, die auf eine rechtswidrige T\u00e4tigkeit hinweisen.<br \/>Verpflichtungen zur Entfernung oder Sperrung der Nutzung von Informationen nach den allgemeinen Gesetzen bleiben hiervon unber\u00fchrt. Eine diesbez\u00fcgliche Haftung ist jedoch erst ab dem Zeitpunkt der Kenntnis einer konkreten Rechtsverletzung m\u00f6glich. Bei Bekanntwerden von entsprechenden Rechtsverletzungen werden wir diese Inhalte umgehend entfernen.<\/p><p>Haftung f\u00fcr Links:<\/p><p>Diese Website enth\u00e4lt Verkn\u00fcpfungen zu Websites Dritter (\u201eexterne Links\u201c). Diese Websites unterliegen der Haftung der jeweiligen Betreiber. Der Anbieter hat bei der erstmaligen Verkn\u00fcpfung der externen Links die fremden Inhalte daraufhin \u00fcberpr\u00fcft, ob etwaige Rechtsverst\u00f6\u00dfe bestehen. Zu dem Zeitpunkt waren keine Rechtsverst\u00f6\u00dfe ersichtlich. Der Anbieter hat keinerlei Einfluss auf die aktuelle und zuk\u00fcnftige Gestaltung und auf die Inhalte der verkn\u00fcpften Seiten. Das Setzen von externen Links bedeutet nicht, dass sich der Anbieter die hinter dem Verweis oder Link liegenden Inhalte zu Eigen macht. Eine st\u00e4ndige Kontrolle der externen Links ist f\u00fcr den Anbieter ohne konkrete Hinweise auf Rechtsverst\u00f6\u00dfe nicht zumutbar. Bei Kenntnis von Rechtsverst\u00f6\u00dfen werden jedoch derartige externe Links unverz\u00fcglich gel\u00f6scht.<\/p><p>Urheberrecht:<\/p><p>Die durch die Seitenbetreiber erstellten Inhalte und Werke auf diesen Seiten unterliegen dem deutschen Urheberrecht. Die Vervielf\u00e4ltigung, Bearbeitung, Verbreitung und jede Art der Verwertung au\u00dferhalb der Grenzen des Urheberrechtes bed\u00fcrfen der schriftlichen Zustimmung des jeweiligen Autors bzw. Erstellers. Downloads und Kopien dieser Seite sind nur f\u00fcr den privaten, nicht kommerziellen Gebrauch gestattet. Soweit die Inhalte auf dieser Seite nicht vom Betreiber erstellt wurden, werden die Urheberrechte Dritter beachtet. Insbesondere werden Inhalte Dritter als solche gekennzeichnet. Sollten Sie trotzdem auf eine Urheberrechtsverletzung aufmerksam werden, bitten wir um einen entsprechenden Hinweis. Bei Bekanntwerden von Rechtsverletzungen werden wir derartige Inhalte umgehend entfernen.<\/p>\t\t\t\t\t\t\t\t<\/div>\n\t\t\t\t<\/div>\n\t\t\t\t\t<\/div>\n\t\t\t\t<\/div>\n\t\t\t\t<\/div>\n\t\t","protected":false},"excerpt":{"rendered":"<p>Impressum Herausgeber Metanoia IT Solutions GmbH Vertreten durch: Moritz Cordes, Christian Simon Birzer \u2013 Gesch\u00e4ftsf\u00fchrung Adresse:Ackerring 1527386 BothelTelefon: 01763034067Email: info@metanoia-it.de Handelsregister: Amtsgericht [&hellip;]<\/p>\n","protected":false},"author":1,"featured_media":0,"parent":0,"menu_order":0,"comment_status":"closed","ping_status":"closed","template":"","meta":{"footnotes":""},"class_list":["post-2156","page","type-page","status-publish","hentry"],"yoast_head":"<!-- This site is optimized with the Yoast SEO plugin v24.2 - https:\/\/yoast.com\/wordpress\/plugins\/seo\/ -->\n<title>Impressum - Metanoia IT Solutions GmbH<\/title>\n<meta name=\"robots\" content=\"index, follow, max-snippet:-1, max-image-preview:large, max-video-preview:-1\" \/>\n<link rel=\"canonical\" href=\"https:\/\/metanoia-it.de\/en\/impressum\/\" \/>\n<meta property=\"og:locale\" content=\"en_US\" \/>\n<meta property=\"og:type\" content=\"article\" \/>\n<meta property=\"og:title\" content=\"Impressum - Metanoia IT Solutions GmbH\" \/>\n<meta property=\"og:description\" content=\"Impressum Herausgeber Metanoia IT Solutions GmbH Vertreten durch: Moritz Cordes, Christian Simon Birzer \u2013 Gesch\u00e4ftsf\u00fchrung Adresse:Ackerring 1527386 BothelTelefon: 01763034067Email: info@metanoia-it.de Handelsregister: Amtsgericht [&hellip;]\" \/>\n<meta property=\"og:url\" content=\"https:\/\/metanoia-it.de\/en\/impressum\/\" \/>\n<meta property=\"og:site_name\" content=\"Metanoia IT Solutions GmbH\" \/>\n<meta name=\"twitter:card\" content=\"summary_large_image\" \/>\n<meta name=\"twitter:label1\" content=\"Est. reading time\" \/>\n\t<meta name=\"twitter:data1\" content=\"2 minutes\" \/>\n<script type=\"application\/ld+json\" class=\"yoast-schema-graph\">{\"@context\":\"https:\/\/schema.org\",\"@graph\":[{\"@type\":\"WebPage\",\"@id\":\"https:\/\/metanoia-it.de\/en\/impressum\/\",\"url\":\"https:\/\/metanoia-it.de\/en\/impressum\/\",\"name\":\"Impressum - Metanoia IT Solutions GmbH\",\"isPartOf\":{\"@id\":\"https:\/\/metanoia-it.de\/en\/#website\"},\"datePublished\":\"2024-04-24T11:02:37+00:00\",\"dateModified\":\"2024-04-24T11:02:37+00:00\",\"breadcrumb\":{\"@id\":\"https:\/\/metanoia-it.de\/en\/impressum\/#breadcrumb\"},\"inLanguage\":\"en-US\",\"potentialAction\":[{\"@type\":\"ReadAction\",\"target\":[\"https:\/\/metanoia-it.de\/en\/impressum\/\"]}]},{\"@type\":\"BreadcrumbList\",\"@id\":\"https:\/\/metanoia-it.de\/en\/impressum\/#breadcrumb\",\"itemListElement\":[{\"@type\":\"ListItem\",\"position\":1,\"name\":\"Startseite\",\"item\":\"https:\/\/metanoia-it.de\/en\/\"},{\"@type\":\"ListItem\",\"position\":2,\"name\":\"Impressum\"}]},{\"@type\":\"WebSite\",\"@id\":\"https:\/\/metanoia-it.de\/en\/#website\",\"url\":\"https:\/\/metanoia-it.de\/en\/\",\"name\":\"Metanoia IT Solutions GmbH\",\"description\":\"\",\"potentialAction\":[{\"@type\":\"SearchAction\",\"target\":{\"@type\":\"EntryPoint\",\"urlTemplate\":\"https:\/\/metanoia-it.de\/en\/?s={search_term_string}\"},\"query-input\":{\"@type\":\"PropertyValueSpecification\",\"valueRequired\":true,\"valueName\":\"search_term_string\"}}],\"inLanguage\":\"en-US\"}]}<\/script>\n<!-- \/ Yoast SEO plugin. -->","yoast_head_json":{"title":"Impressum - Metanoia IT Solutions GmbH","robots":{"index":"index","follow":"follow","max-snippet":"max-snippet:-1","max-image-preview":"max-image-preview:large","max-video-preview":"max-video-preview:-1"},"canonical":"https:\/\/metanoia-it.de\/en\/impressum\/","og_locale":"en_US","og_type":"article","og_title":"Impressum - Metanoia IT Solutions GmbH","og_description":"Impressum Herausgeber Metanoia IT Solutions GmbH Vertreten durch: Moritz Cordes, Christian Simon Birzer \u2013 Gesch\u00e4ftsf\u00fchrung Adresse:Ackerring 1527386 BothelTelefon: 01763034067Email: info@metanoia-it.de Handelsregister: Amtsgericht [&hellip;]","og_url":"https:\/\/metanoia-it.de\/en\/impressum\/","og_site_name":"Metanoia IT Solutions GmbH","twitter_card":"summary_large_image","twitter_misc":{"Est. reading time":"2 minutes"},"schema":{"@context":"https:\/\/schema.org","@graph":[{"@type":"WebPage","@id":"https:\/\/metanoia-it.de\/en\/impressum\/","url":"https:\/\/metanoia-it.de\/en\/impressum\/","name":"Impressum - Metanoia IT Solutions GmbH","isPartOf":{"@id":"https:\/\/metanoia-it.de\/en\/#website"},"datePublished":"2024-04-24T11:02:37+00:00","dateModified":"2024-04-24T11:02:37+00:00","breadcrumb":{"@id":"https:\/\/metanoia-it.de\/en\/impressum\/#breadcrumb"},"inLanguage":"en-US","potentialAction":[{"@type":"ReadAction","target":["https:\/\/metanoia-it.de\/en\/impressum\/"]}]},{"@type":"BreadcrumbList","@id":"https:\/\/metanoia-it.de\/en\/impressum\/#breadcrumb","itemListElement":[{"@type":"ListItem","position":1,"name":"Startseite","item":"https:\/\/metanoia-it.de\/en\/"},{"@type":"ListItem","position":2,"name":"Impressum"}]},{"@type":"WebSite","@id":"https:\/\/metanoia-it.de\/en\/#website","url":"https:\/\/metanoia-it.de\/en\/","name":"Metanoia IT Solutions GmbH","description":"","potentialAction":[{"@type":"SearchAction","target":{"@type":"EntryPoint","urlTemplate":"https:\/\/metanoia-it.de\/en\/?s={search_term_string}"},"query-input":{"@type":"PropertyValueSpecification","valueRequired":true,"valueName":"search_term_string"}}],"inLanguage":"en-US"}]}},"_links":{"self":[{"href":"https:\/\/metanoia-it.de\/en\/wp-json\/wp\/v2\/pages\/2156"}],"collection":[{"href":"https:\/\/metanoia-it.de\/en\/wp-json\/wp\/v2\/pages"}],"about":[{"href":"https:\/\/metanoia-it.de\/en\/wp-json\/wp\/v2\/types\/page"}],"author":[{"embeddable":true,"href":"https:\/\/metanoia-it.de\/en\/wp-json\/wp\/v2\/users\/1"}],"replies":[{"embeddable":true,"href":"https:\/\/metanoia-it.de\/en\/wp-json\/wp\/v2\/comments?post=2156"}],"version-history":[{"count":0,"href":"https:\/\/metanoia-it.de\/en\/wp-json\/wp\/v2\/pages\/2156\/revisions"}],"wp:attachment":[{"href":"https:\/\/metanoia-it.de\/en\/wp-json\/wp\/v2\/media?parent=2156"}],"curies":[{"name":"wp","href":"https:\/\/api.w.org\/{rel}","templated":true}]}}